{"id":994,"date":"2026-01-14T07:43:32","date_gmt":"2026-01-14T06:43:32","guid":{"rendered":"https:\/\/www.chemienahrade.cz\/?page_id=994"},"modified":"2026-01-14T07:43:32","modified_gmt":"2026-01-14T06:43:32","slug":"rocnik-2025","status":"publish","type":"page","link":"https:\/\/www.chemienahrade.cz\/index.php\/rocnik-2025\/","title":{"rendered":"Ro\u010dn\u00edk 2025"},"content":{"rendered":"\n<p>Akce Chemie a dal\u0161\u00ed p\u0159\u00edrodn\u00ed v\u011bdy na Slezskoostravsk\u00e9m hrad\u011b je zam\u011b\u0159ena na popularizaci p\u0159\u00edrodn\u00edch a technick\u00fdch v\u011bd mezi \u017e\u00e1ky z\u00e1kladn\u00edch a st\u0159edn\u00edch \u0161kol, ale tak\u00e9 mezi \u0161irokou ve\u0159ejnost\u00ed. P\u0159\u00edrodn\u00ed a technick\u00e9 v\u011bdy se v sou\u010dasnosti net\u011b\u0161\u00ed p\u0159\u00edzni mlad\u00fdch lid\u00ed, i kdy\u017e se jedn\u00e1 o velmi perspektivn\u00ed obory. Jsou \u010dasto pova\u017eov\u00e1ny za n\u011bco hrozn\u00e9ho, n\u011bco co se ned\u00e1 nau\u010dit. Chceme touto akc\u00ed uk\u00e1zat, \u017ee p\u0159\u00edrodn\u00ed a technick\u00e9 v\u011bdy mohou b\u00fdt i kr\u00e1sn\u00e9 a z\u00e1bavn\u00e9 a tak\u00e9, \u017ee se jedn\u00e1 o velmi pot\u0159ebn\u00e9 obory lidsk\u00e9 \u010dinnosti. Leto\u0161n\u00ed, v po\u0159ad\u00ed ji\u017e 18. ro\u010dn\u00edk, se, douf\u00e1me, uskute\u010dn\u00ed v \u00fater\u00fd <strong>24. \u010dervna 2025 od 8:30 do 13:00<\/strong>.<\/p>\n\n\n\n<p>Hlavn\u00ed atrakc\u00ed tradi\u010dn\u00ed akce bude v\u00edce ne\u017e 30 st\u00e1nk\u016f tvo\u0159\u00edc\u00edch tzv. chemick\u00fd jarmark rozm\u00edst\u011bn\u00fdch v cel\u00e9m are\u00e1lu hradu, u nich\u017e budou n\u00e1v\u0161t\u011bvn\u00edci moci zhl\u00e9dnout nebo si i sami vyzkou\u0161et zaj\u00edmav\u00e9 a velmi atraktivn\u00ed experimenty (od klasick\u00fdch barevn\u00fdch oh\u0148\u016f a v\u00fdbuch\u016f, p\u0159es r\u016fzn\u00e1 fyzik\u00e1ln\u011b chemick\u00e1 kouzla a\u017e t\u0159eba k experiment\u016fm s luminiscenc\u00ed). Sou\u010dasn\u011b bude pro n\u00e1v\u0161t\u011bvn\u00edky organizov\u00e1na \u0159ada chemick\u00fdch a p\u0159\u00edrodov\u011bdn\u00fdch her a sout\u011b\u017e\u00ed a matematick\u00fdch hr\u00e1tek pro d\u011bti i dosp\u011bl\u00e9 o drobn\u00e9 ceny. V are\u00e1lu budou rovn\u011b\u017e prezentov\u00e1ny \u0161koly, organizace a firmy pod\u00edlej\u00edc\u00ed se na akci.<\/p>\n\n\n\n<p>Srde\u010dn\u011b zveme k \u00fa\u010dasti \u0161koly i \u0161irokou ve\u0159ejnost.<\/p>\n\n\n\n<p><strong>Vstup zdarma<\/strong><\/p>\n\n\n\n<figure class=\"wp-block-image size-full\"><img loading=\"lazy\" decoding=\"async\" width=\"800\" height=\"798\" src=\"https:\/\/www.chemienahrade.cz\/wp-content\/uploads\/2025\/06\/program2025.jpg\" alt=\"\" class=\"wp-image-904\" srcset=\"https:\/\/www.chemienahrade.cz\/wp-content\/uploads\/2025\/06\/program2025.jpg 800w, https:\/\/www.chemienahrade.cz\/wp-content\/uploads\/2025\/06\/program2025-300x300.jpg 300w, https:\/\/www.chemienahrade.cz\/wp-content\/uploads\/2025\/06\/program2025-150x150.jpg 150w, https:\/\/www.chemienahrade.cz\/wp-content\/uploads\/2025\/06\/program2025-768x766.jpg 768w\" sizes=\"auto, (max-width: 800px) 100vw, 800px\" \/><\/figure>\n\n\n\n<h3 class=\"wp-block-heading\">Organiz\u00e1to\u0159i<\/h3>\n\n\n\n<figure class=\"wp-block-image size-large\"><img loading=\"lazy\" decoding=\"async\" width=\"1024\" height=\"612\" src=\"https:\/\/www.chemienahrade.cz\/wp-content\/uploads\/2026\/01\/org1-1024x612.jpg\" alt=\"\" class=\"wp-image-984\" srcset=\"https:\/\/www.chemienahrade.cz\/wp-content\/uploads\/2026\/01\/org1-1024x612.jpg 1024w, https:\/\/www.chemienahrade.cz\/wp-content\/uploads\/2026\/01\/org1-300x179.jpg 300w, https:\/\/www.chemienahrade.cz\/wp-content\/uploads\/2026\/01\/org1-768x459.jpg 768w, https:\/\/www.chemienahrade.cz\/wp-content\/uploads\/2026\/01\/org1.jpg 1067w\" sizes=\"auto, (max-width: 1024px) 100vw, 1024px\" \/><\/figure>\n\n\n\n<figure class=\"wp-block-image size-large\"><img loading=\"lazy\" decoding=\"async\" width=\"1024\" height=\"433\" src=\"https:\/\/www.chemienahrade.cz\/wp-content\/uploads\/2026\/01\/org2-1024x433.jpg\" alt=\"\" class=\"wp-image-985\" srcset=\"https:\/\/www.chemienahrade.cz\/wp-content\/uploads\/2026\/01\/org2-1024x433.jpg 1024w, https:\/\/www.chemienahrade.cz\/wp-content\/uploads\/2026\/01\/org2-300x127.jpg 300w, https:\/\/www.chemienahrade.cz\/wp-content\/uploads\/2026\/01\/org2-768x325.jpg 768w, https:\/\/www.chemienahrade.cz\/wp-content\/uploads\/2026\/01\/org2.jpg 1187w\" sizes=\"auto, (max-width: 1024px) 100vw, 1024px\" \/><\/figure>\n\n\n\n<h3 class=\"wp-block-heading\">Partne\u0159i<\/h3>\n\n\n\n<figure class=\"wp-block-image size-full\"><img loading=\"lazy\" decoding=\"async\" width=\"752\" height=\"873\" src=\"https:\/\/www.chemienahrade.cz\/wp-content\/uploads\/2026\/01\/sounzori25-1.jpg\" alt=\"\" class=\"wp-image-989\" srcset=\"https:\/\/www.chemienahrade.cz\/wp-content\/uploads\/2026\/01\/sounzori25-1.jpg 752w, https:\/\/www.chemienahrade.cz\/wp-content\/uploads\/2026\/01\/sounzori25-1-258x300.jpg 258w\" sizes=\"auto, (max-width: 752px) 100vw, 752px\" \/><\/figure>\n\n\n\n<figure class=\"wp-block-image size-full\"><img loading=\"lazy\" decoding=\"async\" width=\"694\" height=\"588\" src=\"https:\/\/www.chemienahrade.cz\/wp-content\/uploads\/2026\/01\/sounzori-25-2.jpg\" alt=\"\" class=\"wp-image-986\" srcset=\"https:\/\/www.chemienahrade.cz\/wp-content\/uploads\/2026\/01\/sounzori-25-2.jpg 694w, https:\/\/www.chemienahrade.cz\/wp-content\/uploads\/2026\/01\/sounzori-25-2-300x254.jpg 300w\" sizes=\"auto, (max-width: 694px) 100vw, 694px\" \/><\/figure>\n\n\n\n<figure class=\"wp-block-image size-full\"><img loading=\"lazy\" decoding=\"async\" width=\"668\" height=\"394\" src=\"https:\/\/www.chemienahrade.cz\/wp-content\/uploads\/2026\/01\/sounzori-25-3.jpg\" alt=\"\" class=\"wp-image-987\" srcset=\"https:\/\/www.chemienahrade.cz\/wp-content\/uploads\/2026\/01\/sounzori-25-3.jpg 668w, https:\/\/www.chemienahrade.cz\/wp-content\/uploads\/2026\/01\/sounzori-25-3-300x177.jpg 300w\" sizes=\"auto, (max-width: 668px) 100vw, 668px\" \/><\/figure>\n\n\n\n<figure class=\"wp-block-image size-full\"><img loading=\"lazy\" decoding=\"async\" width=\"931\" height=\"676\" src=\"https:\/\/www.chemienahrade.cz\/wp-content\/uploads\/2026\/01\/souznzori-25-4.jpg\" alt=\"\" class=\"wp-image-990\" srcset=\"https:\/\/www.chemienahrade.cz\/wp-content\/uploads\/2026\/01\/souznzori-25-4.jpg 931w, https:\/\/www.chemienahrade.cz\/wp-content\/uploads\/2026\/01\/souznzori-25-4-300x218.jpg 300w, https:\/\/www.chemienahrade.cz\/wp-content\/uploads\/2026\/01\/souznzori-25-4-768x558.jpg 768w\" sizes=\"auto, (max-width: 931px) 100vw, 931px\" \/><\/figure>\n\n\n\n<figure class=\"wp-block-image size-full\"><img loading=\"lazy\" decoding=\"async\" width=\"968\" height=\"815\" src=\"https:\/\/www.chemienahrade.cz\/wp-content\/uploads\/2026\/01\/sounzori-25-5.jpg\" alt=\"\" class=\"wp-image-988\" srcset=\"https:\/\/www.chemienahrade.cz\/wp-content\/uploads\/2026\/01\/sounzori-25-5.jpg 968w, https:\/\/www.chemienahrade.cz\/wp-content\/uploads\/2026\/01\/sounzori-25-5-300x253.jpg 300w, https:\/\/www.chemienahrade.cz\/wp-content\/uploads\/2026\/01\/sounzori-25-5-768x647.jpg 768w\" sizes=\"auto, (max-width: 968px) 100vw, 968px\" \/><\/figure>\n\n\n\n<figure class=\"wp-block-image size-full\"><img loading=\"lazy\" decoding=\"async\" width=\"953\" height=\"806\" src=\"https:\/\/www.chemienahrade.cz\/wp-content\/uploads\/2026\/01\/sponzori-25-6.jpg\" alt=\"\" class=\"wp-image-991\" srcset=\"https:\/\/www.chemienahrade.cz\/wp-content\/uploads\/2026\/01\/sponzori-25-6.jpg 953w, https:\/\/www.chemienahrade.cz\/wp-content\/uploads\/2026\/01\/sponzori-25-6-300x254.jpg 300w, https:\/\/www.chemienahrade.cz\/wp-content\/uploads\/2026\/01\/sponzori-25-6-768x650.jpg 768w\" sizes=\"auto, (max-width: 953px) 100vw, 953px\" \/><\/figure>\n\n\n\n<figure class=\"wp-block-image size-full\"><img loading=\"lazy\" decoding=\"async\" width=\"933\" height=\"893\" src=\"https:\/\/www.chemienahrade.cz\/wp-content\/uploads\/2026\/01\/sponzori-25-7.jpg\" alt=\"\" class=\"wp-image-992\" srcset=\"https:\/\/www.chemienahrade.cz\/wp-content\/uploads\/2026\/01\/sponzori-25-7.jpg 933w, https:\/\/www.chemienahrade.cz\/wp-content\/uploads\/2026\/01\/sponzori-25-7-300x287.jpg 300w, https:\/\/www.chemienahrade.cz\/wp-content\/uploads\/2026\/01\/sponzori-25-7-768x735.jpg 768w\" sizes=\"auto, (max-width: 933px) 100vw, 933px\" \/><\/figure>\n\n\n\n<figure class=\"wp-block-image size-full\"><img loading=\"lazy\" decoding=\"async\" width=\"972\" height=\"591\" src=\"https:\/\/www.chemienahrade.cz\/wp-content\/uploads\/2026\/01\/sponzori-25-8.jpg\" alt=\"\" class=\"wp-image-993\" srcset=\"https:\/\/www.chemienahrade.cz\/wp-content\/uploads\/2026\/01\/sponzori-25-8.jpg 972w, https:\/\/www.chemienahrade.cz\/wp-content\/uploads\/2026\/01\/sponzori-25-8-300x182.jpg 300w, https:\/\/www.chemienahrade.cz\/wp-content\/uploads\/2026\/01\/sponzori-25-8-768x467.jpg 768w\" sizes=\"auto, (max-width: 972px) 100vw, 972px\" \/><\/figure>\n","protected":false},"excerpt":{"rendered":"<p>Akce Chemie a dal\u0161\u00ed p\u0159\u00edrodn\u00ed v\u011bdy na Slezskoostravsk\u00e9m hrad\u011b je zam\u011b\u0159ena na popularizaci p\u0159\u00edrodn\u00edch a technick\u00fdch v\u011bd mezi \u017e\u00e1ky z\u00e1kladn\u00edch a st\u0159edn\u00edch \u0161kol, ale tak\u00e9 mezi \u0161irokou ve\u0159ejnost\u00ed. P\u0159\u00edrodn\u00ed a technick\u00e9 v\u011bdy se v sou\u010dasnosti net\u011b\u0161\u00ed p\u0159\u00edzni mlad\u00fdch lid\u00ed, i kdy\u017e se jedn\u00e1 o velmi perspektivn\u00ed obory. Jsou \u010dasto pova\u017eov\u00e1ny za n\u011bco hrozn\u00e9ho, n\u011bco co [&hellip;]<\/p>\n","protected":false},"author":1,"featured_media":0,"parent":0,"menu_order":0,"comment_status":"closed","ping_status":"closed","template":"","meta":{"footnotes":""},"class_list":["post-994","page","type-page","status-publish","hentry"],"_links":{"self":[{"href":"https:\/\/www.chemienahrade.cz\/index.php\/wp-json\/wp\/v2\/pages\/994","targetHints":{"allow":["GET"]}}],"collection":[{"href":"https:\/\/www.chemienahrade.cz\/index.php\/wp-json\/wp\/v2\/pages"}],"about":[{"href":"https:\/\/www.chemienahrade.cz\/index.php\/wp-json\/wp\/v2\/types\/page"}],"author":[{"embeddable":true,"href":"https:\/\/www.chemienahrade.cz\/index.php\/wp-json\/wp\/v2\/users\/1"}],"replies":[{"embeddable":true,"href":"https:\/\/www.chemienahrade.cz\/index.php\/wp-json\/wp\/v2\/comments?post=994"}],"version-history":[{"count":1,"href":"https:\/\/www.chemienahrade.cz\/index.php\/wp-json\/wp\/v2\/pages\/994\/revisions"}],"predecessor-version":[{"id":995,"href":"https:\/\/www.chemienahrade.cz\/index.php\/wp-json\/wp\/v2\/pages\/994\/revisions\/995"}],"wp:attachment":[{"href":"https:\/\/www.chemienahrade.cz\/index.php\/wp-json\/wp\/v2\/media?parent=994"}],"curies":[{"name":"wp","href":"https:\/\/api.w.org\/{rel}","templated":true}]}}