{"id":221,"date":"2025-01-23T14:45:42","date_gmt":"2025-01-23T13:45:42","guid":{"rendered":"http:\/\/localhost\/?page_id=221"},"modified":"2025-02-04T13:51:05","modified_gmt":"2025-02-04T12:51:05","slug":"rocnik-2023","status":"publish","type":"page","link":"https:\/\/www.chemienahrade.cz\/index.php\/rocnik-2023\/","title":{"rendered":"Ro\u010dn\u00edk 2023"},"content":{"rendered":"\n<p>Akce Chemie a dal\u0161\u00ed p\u0159\u00edrodn\u00ed v\u011bdy na Slezskoostravsk\u00e9m hrad\u011b je zam\u011b\u0159ena na popularizaci p\u0159\u00edrodn\u00edch a technick\u00fdch v\u011bd mezi \u017e\u00e1ky z\u00e1kladn\u00edch a st\u0159edn\u00edch \u0161kol, ale tak\u00e9 mezi \u0161irokou ve\u0159ejnost\u00ed. P\u0159\u00edrodn\u00ed a technick\u00e9 v\u011bdy se v sou\u010dasnosti net\u011b\u0161\u00ed p\u0159\u00edzni mlad\u00fdch lid\u00ed, i kdy\u017e se jedn\u00e1 o velmi perspektivn\u00ed obory. Jsou \u010dasto pova\u017eov\u00e1ny za n\u011bco hrozn\u00e9ho, n\u011bco co se ned\u00e1 nau\u010dit. Chceme touto akc\u00ed uk\u00e1zat, \u017ee p\u0159\u00edrodn\u00ed a technick\u00e9 v\u011bdy mohou b\u00fdt i kr\u00e1sn\u00e9 a z\u00e1bavn\u00e9 a tak\u00e9, \u017ee se jedn\u00e1 o velmi pot\u0159ebn\u00e9 obory lidsk\u00e9 \u010dinnosti. Leto\u0161n\u00ed, v po\u0159ad\u00ed ji\u017e 17. ro\u010dn\u00edk, se, douf\u00e1me, uskute\u010dn\u00ed v \u00fater\u00fd 20. \u010dervna 2023 od 8:30 do 13:00. N\u00e1v\u0161t\u011bvn\u00edci se mohou t\u011b\u0161it na chemick\u00fd jarmark, na kter\u00e9m budou moci zhl\u00e9dnout zaj\u00edmavosti z oblasti chemie, fyziky, matematiky a technicky, a tak\u00e9 na r\u016fzn\u00e9 sout\u011b\u017ee.<\/p>\n\n\n\n<p>Srde\u010dn\u011b zveme k \u00fa\u010dasti \u0161koly i \u0161irokou ve\u0159ejnost.<\/p>\n\n\n\n<p>Pod z\u00e1\u0161titou Mgr. Stanislava Folwarczn\u00e9ho,<br>n\u00e1m\u011bstka hejtmana Moravskoslezsk\u00e9ho kraje pro \u0161kolstv\u00ed, ml\u00e1de\u017e a sport<\/p>\n\n\n\n<p><strong>Vstup zdarma<\/strong><\/p>\n\n\n\n<h2 class=\"wp-block-heading\">Program<\/h2>\n\n\n\n<figure class=\"wp-block-image size-full is-resized\"><img loading=\"lazy\" decoding=\"async\" width=\"1473\" height=\"1500\" src=\"https:\/\/www.chemienahrade.cz\/wp-content\/uploads\/2025\/02\/program2023.jpg\" alt=\"\" class=\"wp-image-312\" style=\"width:532px;height:auto\" srcset=\"https:\/\/www.chemienahrade.cz\/wp-content\/uploads\/2025\/02\/program2023.jpg 1473w, https:\/\/www.chemienahrade.cz\/wp-content\/uploads\/2025\/02\/program2023-295x300.jpg 295w, https:\/\/www.chemienahrade.cz\/wp-content\/uploads\/2025\/02\/program2023-1006x1024.jpg 1006w, https:\/\/www.chemienahrade.cz\/wp-content\/uploads\/2025\/02\/program2023-768x782.jpg 768w\" sizes=\"auto, (max-width: 1473px) 100vw, 1473px\" \/><\/figure>\n\n\n\n<h2 class=\"wp-block-heading\">Organiz\u00e1to\u0159i<\/h2>\n\n\n\n<figure class=\"wp-block-image size-full is-resized\"><img loading=\"lazy\" decoding=\"async\" width=\"500\" height=\"601\" src=\"https:\/\/www.chemienahrade.cz\/wp-content\/uploads\/2025\/02\/csch.png\" alt=\"\" class=\"wp-image-85\" style=\"width:183px;height:auto\" srcset=\"https:\/\/www.chemienahrade.cz\/wp-content\/uploads\/2025\/02\/csch.png 500w, https:\/\/www.chemienahrade.cz\/wp-content\/uploads\/2025\/02\/csch-250x300.png 250w\" sizes=\"auto, (max-width: 500px) 100vw, 500px\" \/><figcaption class=\"wp-element-caption\">\u010cesk\u00e1 spole\u010dnost chemick\u00e1, pobo\u010dka Ostrava<\/figcaption><\/figure>\n\n\n\n<div class=\"wp-block-columns is-layout-flex wp-container-core-columns-is-layout-9d6595d7 wp-block-columns-is-layout-flex\">\n<div class=\"wp-block-column is-vertically-aligned-center is-layout-flow wp-block-column-is-layout-flow\"><div class=\"wp-block-image\">\n<figure class=\"aligncenter size-full is-resized\"><img loading=\"lazy\" decoding=\"async\" width=\"500\" height=\"581\" src=\"https:\/\/www.chemienahrade.cz\/wp-content\/uploads\/2025\/02\/prf.png\" alt=\"\" class=\"wp-image-88\" style=\"width:188px;height:auto\" srcset=\"https:\/\/www.chemienahrade.cz\/wp-content\/uploads\/2025\/02\/prf.png 500w, https:\/\/www.chemienahrade.cz\/wp-content\/uploads\/2025\/02\/prf-258x300.png 258w\" sizes=\"auto, (max-width: 500px) 100vw, 500px\" \/><\/figure>\n<\/div><\/div>\n\n\n\n<div class=\"wp-block-column is-vertically-aligned-center is-layout-flow wp-block-column-is-layout-flow\">\n<figure class=\"wp-block-image size-full\"><img loading=\"lazy\" decoding=\"async\" width=\"1255\" height=\"356\" src=\"https:\/\/www.chemienahrade.cz\/wp-content\/uploads\/2025\/02\/FMT-new.jpg\" alt=\"\" class=\"wp-image-86\" srcset=\"https:\/\/www.chemienahrade.cz\/wp-content\/uploads\/2025\/02\/FMT-new.jpg 1255w, https:\/\/www.chemienahrade.cz\/wp-content\/uploads\/2025\/02\/FMT-new-300x85.jpg 300w, https:\/\/www.chemienahrade.cz\/wp-content\/uploads\/2025\/02\/FMT-new-1024x290.jpg 1024w, https:\/\/www.chemienahrade.cz\/wp-content\/uploads\/2025\/02\/FMT-new-768x218.jpg 768w\" sizes=\"auto, (max-width: 1255px) 100vw, 1255px\" \/><\/figure>\n<\/div>\n\n\n\n<div class=\"wp-block-column is-vertically-aligned-center is-layout-flow wp-block-column-is-layout-flow\"><div class=\"wp-block-image\">\n<figure class=\"aligncenter size-full is-resized\"><img loading=\"lazy\" decoding=\"async\" width=\"900\" height=\"445\" src=\"https:\/\/www.chemienahrade.cz\/wp-content\/uploads\/2025\/02\/spsch.png\" alt=\"\" class=\"wp-image-89\" style=\"width:175px;height:auto\" srcset=\"https:\/\/www.chemienahrade.cz\/wp-content\/uploads\/2025\/02\/spsch.png 900w, https:\/\/www.chemienahrade.cz\/wp-content\/uploads\/2025\/02\/spsch-300x148.png 300w, https:\/\/www.chemienahrade.cz\/wp-content\/uploads\/2025\/02\/spsch-768x380.png 768w\" sizes=\"auto, (max-width: 900px) 100vw, 900px\" \/><\/figure>\n<\/div><\/div>\n<\/div>\n\n\n\n<div class=\"wp-block-columns is-layout-flex wp-container-core-columns-is-layout-9d6595d7 wp-block-columns-is-layout-flex\">\n<div class=\"wp-block-column is-layout-flow wp-block-column-is-layout-flow\"><div class=\"wp-block-image\">\n<figure class=\"aligncenter size-full is-resized\"><img loading=\"lazy\" decoding=\"async\" width=\"201\" height=\"172\" src=\"https:\/\/www.chemienahrade.cz\/wp-content\/uploads\/2025\/02\/logo_UGN.png\" alt=\"\" class=\"wp-image-87\" style=\"width:174px;height:auto\"\/><figcaption class=\"wp-element-caption\">Ustav Geoniky AV \u010cR, v.v.i.<\/figcaption><\/figure>\n<\/div><\/div>\n\n\n\n<div class=\"wp-block-column is-vertically-aligned-center is-layout-flow wp-block-column-is-layout-flow\"><div class=\"wp-block-image\">\n<figure class=\"aligncenter size-full is-resized\"><img loading=\"lazy\" decoding=\"async\" width=\"700\" height=\"190\" src=\"https:\/\/www.chemienahrade.cz\/wp-content\/uploads\/2025\/02\/fch_vut.jpg\" alt=\"\" class=\"wp-image-348\" style=\"width:203px;height:auto\" srcset=\"https:\/\/www.chemienahrade.cz\/wp-content\/uploads\/2025\/02\/fch_vut.jpg 700w, https:\/\/www.chemienahrade.cz\/wp-content\/uploads\/2025\/02\/fch_vut-300x81.jpg 300w\" sizes=\"auto, (max-width: 700px) 100vw, 700px\" \/><\/figure>\n<\/div><\/div>\n\n\n\n<div class=\"wp-block-column is-layout-flow wp-block-column-is-layout-flow\"><\/div>\n<\/div>\n\n\n\n<p><strong>Na akci se d\u00e1le pod\u00edlej\u00ed:<\/strong><\/p>\n\n\n\n<ul class=\"wp-block-list\">\n<li>Akzo Nobel Coatings CZ, a.s.<\/li>\n\n\n\n<li>Teva Czech Industries s.r.o.<\/li>\n\n\n\n<li>Severomoravsk\u00e9 vodovody a kanalizace Ostrava a.s.<\/li>\n\n\n\n<li>Gymn\u00e1zium V. Paulinyho-T\u00f3tha v Martine<\/li>\n\n\n\n<li>Fakulta strojn\u00ed V\u0160B-TU Ostrava<\/li>\n\n\n\n<li>Centrum nanotechnologi\u00ed V\u0160B-TUO<\/li>\n\n\n\n<li>IET, V\u0160B-TUO<\/li>\n<\/ul>\n\n\n\n<h2 class=\"wp-block-heading\">Partne\u0159i<\/h2>\n\n\n<div class=\"wp-block-image\">\n<figure class=\"aligncenter size-full\"><img loading=\"lazy\" decoding=\"async\" width=\"828\" height=\"813\" src=\"https:\/\/www.chemienahrade.cz\/wp-content\/uploads\/2025\/02\/2023-p1.jpg\" alt=\"\" class=\"wp-image-327\" srcset=\"https:\/\/www.chemienahrade.cz\/wp-content\/uploads\/2025\/02\/2023-p1.jpg 828w, https:\/\/www.chemienahrade.cz\/wp-content\/uploads\/2025\/02\/2023-p1-300x295.jpg 300w, https:\/\/www.chemienahrade.cz\/wp-content\/uploads\/2025\/02\/2023-p1-768x754.jpg 768w\" sizes=\"auto, (max-width: 828px) 100vw, 828px\" \/><\/figure>\n<\/div>\n\n<div class=\"wp-block-image\">\n<figure class=\"aligncenter size-full\"><img loading=\"lazy\" decoding=\"async\" width=\"746\" height=\"879\" src=\"https:\/\/www.chemienahrade.cz\/wp-content\/uploads\/2025\/02\/2023-p2.jpg\" alt=\"\" class=\"wp-image-328\" srcset=\"https:\/\/www.chemienahrade.cz\/wp-content\/uploads\/2025\/02\/2023-p2.jpg 746w, https:\/\/www.chemienahrade.cz\/wp-content\/uploads\/2025\/02\/2023-p2-255x300.jpg 255w\" sizes=\"auto, (max-width: 746px) 100vw, 746px\" \/><\/figure>\n<\/div>\n\n<div class=\"wp-block-image\">\n<figure class=\"aligncenter size-full\"><img loading=\"lazy\" decoding=\"async\" width=\"596\" height=\"561\" src=\"https:\/\/www.chemienahrade.cz\/wp-content\/uploads\/2025\/02\/2023-p3.jpg\" alt=\"\" class=\"wp-image-329\" srcset=\"https:\/\/www.chemienahrade.cz\/wp-content\/uploads\/2025\/02\/2023-p3.jpg 596w, https:\/\/www.chemienahrade.cz\/wp-content\/uploads\/2025\/02\/2023-p3-300x282.jpg 300w\" sizes=\"auto, (max-width: 596px) 100vw, 596px\" \/><\/figure>\n<\/div>\n\n<div class=\"wp-block-image\">\n<figure class=\"aligncenter size-full\"><img loading=\"lazy\" decoding=\"async\" width=\"1169\" height=\"988\" src=\"https:\/\/www.chemienahrade.cz\/wp-content\/uploads\/2025\/02\/2023-p4.jpg\" alt=\"\" class=\"wp-image-330\" srcset=\"https:\/\/www.chemienahrade.cz\/wp-content\/uploads\/2025\/02\/2023-p4.jpg 1169w, https:\/\/www.chemienahrade.cz\/wp-content\/uploads\/2025\/02\/2023-p4-300x254.jpg 300w, https:\/\/www.chemienahrade.cz\/wp-content\/uploads\/2025\/02\/2023-p4-1024x865.jpg 1024w, https:\/\/www.chemienahrade.cz\/wp-content\/uploads\/2025\/02\/2023-p4-768x649.jpg 768w\" sizes=\"auto, (max-width: 1169px) 100vw, 1169px\" \/><\/figure>\n<\/div>\n\n<div class=\"wp-block-image\">\n<figure class=\"aligncenter size-full\"><img loading=\"lazy\" decoding=\"async\" width=\"1226\" height=\"1030\" src=\"https:\/\/www.chemienahrade.cz\/wp-content\/uploads\/2025\/02\/2023-p5.jpg\" alt=\"\" class=\"wp-image-331\" srcset=\"https:\/\/www.chemienahrade.cz\/wp-content\/uploads\/2025\/02\/2023-p5.jpg 1226w, https:\/\/www.chemienahrade.cz\/wp-content\/uploads\/2025\/02\/2023-p5-300x252.jpg 300w, https:\/\/www.chemienahrade.cz\/wp-content\/uploads\/2025\/02\/2023-p5-1024x860.jpg 1024w, https:\/\/www.chemienahrade.cz\/wp-content\/uploads\/2025\/02\/2023-p5-768x645.jpg 768w\" sizes=\"auto, (max-width: 1226px) 100vw, 1226px\" \/><\/figure>\n<\/div>\n\n<div class=\"wp-block-image\">\n<figure class=\"aligncenter size-full\"><img loading=\"lazy\" decoding=\"async\" width=\"1188\" height=\"1039\" src=\"https:\/\/www.chemienahrade.cz\/wp-content\/uploads\/2025\/02\/2023-p6.jpg\" alt=\"\" class=\"wp-image-332\" srcset=\"https:\/\/www.chemienahrade.cz\/wp-content\/uploads\/2025\/02\/2023-p6.jpg 1188w, https:\/\/www.chemienahrade.cz\/wp-content\/uploads\/2025\/02\/2023-p6-300x262.jpg 300w, https:\/\/www.chemienahrade.cz\/wp-content\/uploads\/2025\/02\/2023-p6-1024x896.jpg 1024w, https:\/\/www.chemienahrade.cz\/wp-content\/uploads\/2025\/02\/2023-p6-768x672.jpg 768w\" sizes=\"auto, (max-width: 1188px) 100vw, 1188px\" \/><\/figure>\n<\/div>\n\n<div class=\"wp-block-image\">\n<figure class=\"aligncenter size-full\"><img loading=\"lazy\" decoding=\"async\" width=\"1097\" height=\"437\" src=\"https:\/\/www.chemienahrade.cz\/wp-content\/uploads\/2025\/02\/2023-p7.jpg\" alt=\"\" class=\"wp-image-333\" srcset=\"https:\/\/www.chemienahrade.cz\/wp-content\/uploads\/2025\/02\/2023-p7.jpg 1097w, https:\/\/www.chemienahrade.cz\/wp-content\/uploads\/2025\/02\/2023-p7-300x120.jpg 300w, https:\/\/www.chemienahrade.cz\/wp-content\/uploads\/2025\/02\/2023-p7-1024x408.jpg 1024w, https:\/\/www.chemienahrade.cz\/wp-content\/uploads\/2025\/02\/2023-p7-768x306.jpg 768w\" sizes=\"auto, (max-width: 1097px) 100vw, 1097px\" \/><\/figure>\n<\/div>","protected":false},"excerpt":{"rendered":"<p>Akce Chemie a dal\u0161\u00ed p\u0159\u00edrodn\u00ed v\u011bdy na Slezskoostravsk\u00e9m hrad\u011b je zam\u011b\u0159ena na popularizaci p\u0159\u00edrodn\u00edch a technick\u00fdch v\u011bd mezi \u017e\u00e1ky z\u00e1kladn\u00edch a st\u0159edn\u00edch \u0161kol, ale tak\u00e9 mezi \u0161irokou ve\u0159ejnost\u00ed. P\u0159\u00edrodn\u00ed a technick\u00e9 v\u011bdy se v sou\u010dasnosti net\u011b\u0161\u00ed p\u0159\u00edzni mlad\u00fdch lid\u00ed, i kdy\u017e se jedn\u00e1 o velmi perspektivn\u00ed obory. Jsou \u010dasto pova\u017eov\u00e1ny za n\u011bco hrozn\u00e9ho, n\u011bco co [&hellip;]<\/p>\n","protected":false},"author":1,"featured_media":0,"parent":0,"menu_order":0,"comment_status":"closed","ping_status":"closed","template":"","meta":{"footnotes":""},"class_list":["post-221","page","type-page","status-publish","hentry"],"_links":{"self":[{"href":"https:\/\/www.chemienahrade.cz\/index.php\/wp-json\/wp\/v2\/pages\/221","targetHints":{"allow":["GET"]}}],"collection":[{"href":"https:\/\/www.chemienahrade.cz\/index.php\/wp-json\/wp\/v2\/pages"}],"about":[{"href":"https:\/\/www.chemienahrade.cz\/index.php\/wp-json\/wp\/v2\/types\/page"}],"author":[{"embeddable":true,"href":"https:\/\/www.chemienahrade.cz\/index.php\/wp-json\/wp\/v2\/users\/1"}],"replies":[{"embeddable":true,"href":"https:\/\/www.chemienahrade.cz\/index.php\/wp-json\/wp\/v2\/comments?post=221"}],"version-history":[{"count":2,"href":"https:\/\/www.chemienahrade.cz\/index.php\/wp-json\/wp\/v2\/pages\/221\/revisions"}],"predecessor-version":[{"id":349,"href":"https:\/\/www.chemienahrade.cz\/index.php\/wp-json\/wp\/v2\/pages\/221\/revisions\/349"}],"wp:attachment":[{"href":"https:\/\/www.chemienahrade.cz\/index.php\/wp-json\/wp\/v2\/media?parent=221"}],"curies":[{"name":"wp","href":"https:\/\/api.w.org\/{rel}","templated":true}]}}