{"id":205,"date":"2025-01-22T14:22:54","date_gmt":"2025-01-22T13:22:54","guid":{"rendered":"http:\/\/localhost\/?page_id=205"},"modified":"2025-02-04T13:54:26","modified_gmt":"2025-02-04T12:54:26","slug":"rocnik-2024","status":"publish","type":"page","link":"https:\/\/www.chemienahrade.cz\/index.php\/rocnik-2024\/","title":{"rendered":"Ro\u010dn\u00edk 2024"},"content":{"rendered":"\n<p>Akce Chemie a dal\u0161\u00ed p\u0159\u00edrodn\u00ed v\u011bdy na Slezskoostravsk\u00e9m hrad\u011b je zam\u011b\u0159ena na popularizaci p\u0159\u00edrodn\u00edch a technick\u00fdch v\u011bd mezi \u017e\u00e1ky z\u00e1kladn\u00edch a st\u0159edn\u00edch \u0161kol, ale tak\u00e9 mezi \u0161irokou ve\u0159ejnost\u00ed. P\u0159\u00edrodn\u00ed a technick\u00e9 v\u011bdy se v sou\u010dasnosti net\u011b\u0161\u00ed p\u0159\u00edzni mlad\u00fdch lid\u00ed, i kdy\u017e se jedn\u00e1 o velmi perspektivn\u00ed obory. Jsou \u010dasto pova\u017eov\u00e1ny za n\u011bco hrozn\u00e9ho, n\u011bco co se ned\u00e1 nau\u010dit. Chceme touto akc\u00ed uk\u00e1zat, \u017ee p\u0159\u00edrodn\u00ed a technick\u00e9 v\u011bdy mohou b\u00fdt i kr\u00e1sn\u00e9 a z\u00e1bavn\u00e9 a tak\u00e9, \u017ee se jedn\u00e1 o velmi pot\u0159ebn\u00e9 obory lidsk\u00e9 \u010dinnosti. Leto\u0161n\u00ed, v po\u0159ad\u00ed ji\u017e 18. ro\u010dn\u00edk, se, douf\u00e1me, uskute\u010dn\u00ed v&nbsp;<strong>\u00fater\u00fd 25. \u010dervna 2024 od 8:30 do 13:00<\/strong>.<\/p>\n\n\n\n<p>Hlavn\u00ed atrakc\u00ed tradi\u010dn\u00ed akce bude v\u00edce ne\u017e 30 st\u00e1nk\u016f tvo\u0159\u00edc\u00edch tzv. chemick\u00fd jarmark rozm\u00edst\u011bn\u00fdch v cel\u00e9m are\u00e1lu hradu, u nich\u017e budou n\u00e1v\u0161t\u011bvn\u00edci moci zhl\u00e9dnout nebo si i sami vyzkou\u0161et zaj\u00edmav\u00e9 a velmi atraktivn\u00ed experimenty (od klasick\u00fdch barevn\u00fdch oh\u0148\u016f a v\u00fdbuch\u016f, p\u0159es r\u016fzn\u00e1 fyzik\u00e1ln\u011b chemick\u00e1 kouzla a\u017e t\u0159eba k experiment\u016fm s luminiscenc\u00ed). Sou\u010dasn\u011b bude pro n\u00e1v\u0161t\u011bvn\u00edky organizov\u00e1na \u0159ada chemick\u00fdch a p\u0159\u00edrodov\u011bdn\u00fdch her a sout\u011b\u017e\u00ed a matematick\u00fdch hr\u00e1tek pro d\u011bti i dosp\u011bl\u00e9 o drobn\u00e9 ceny. V are\u00e1lu budou rovn\u011b\u017e prezentov\u00e1ny \u0161koly, organizace a firmy pod\u00edlej\u00edc\u00ed se na akci.<\/p>\n\n\n\n<p>Srde\u010dn\u011b zveme k \u00fa\u010dasti \u0161koly i \u0161irokou ve\u0159ejnost.<\/p>\n\n\n\n<p><strong>Vstup zdarma<\/strong><\/p>\n\n\n\n<h2 class=\"wp-block-heading\">Program<\/h2>\n\n\n\n<figure class=\"wp-block-image size-full is-resized\"><img loading=\"lazy\" decoding=\"async\" width=\"800\" height=\"820\" src=\"https:\/\/www.chemienahrade.cz\/wp-content\/uploads\/2025\/02\/program2024.jpg\" alt=\"\" class=\"wp-image-313\" style=\"width:603px;height:auto\" srcset=\"https:\/\/www.chemienahrade.cz\/wp-content\/uploads\/2025\/02\/program2024.jpg 800w, https:\/\/www.chemienahrade.cz\/wp-content\/uploads\/2025\/02\/program2024-293x300.jpg 293w, https:\/\/www.chemienahrade.cz\/wp-content\/uploads\/2025\/02\/program2024-768x787.jpg 768w\" sizes=\"auto, (max-width: 800px) 100vw, 800px\" \/><\/figure>\n\n\n\n<h2 class=\"wp-block-heading\">Organiz\u00e1to\u0159i<\/h2>\n\n\n\n<div class=\"wp-block-columns is-layout-flex wp-container-core-columns-is-layout-9d6595d7 wp-block-columns-is-layout-flex\">\n<div class=\"wp-block-column is-layout-flow wp-block-column-is-layout-flow\" style=\"flex-basis:33.33%\">\n<figure class=\"wp-block-image size-full is-resized\"><img decoding=\"async\" src=\"http:\/\/localhost\/wp-content\/uploads\/2024\/10\/csch.png\" alt=\"\" class=\"wp-image-148\" style=\"width:218px;height:auto\"\/><figcaption class=\"wp-element-caption\">\u010cesk\u00e1 spole\u010dnost chemick\u00e1, pobo\u010dka Ostrava<\/figcaption><\/figure>\n<\/div>\n\n\n\n<div class=\"wp-block-column is-layout-flow wp-block-column-is-layout-flow\" style=\"flex-basis:66.66%\"><\/div>\n<\/div>\n\n\n\n<p>Ve spolupr\u00e1ci s: <\/p>\n\n\n\n<div class=\"wp-block-columns is-layout-flex wp-container-core-columns-is-layout-9d6595d7 wp-block-columns-is-layout-flex\">\n<div class=\"wp-block-column is-vertically-aligned-center is-layout-flow wp-block-column-is-layout-flow\"><div class=\"wp-block-image\">\n<figure class=\"aligncenter size-full is-resized\"><img decoding=\"async\" src=\"http:\/\/localhost\/wp-content\/uploads\/2024\/10\/prf.png\" alt=\"\" class=\"wp-image-150\" style=\"width:170px;height:auto\"\/><\/figure>\n<\/div><\/div>\n\n\n\n<div class=\"wp-block-column is-vertically-aligned-center is-layout-flow wp-block-column-is-layout-flow\"><div class=\"wp-block-image\">\n<figure class=\"aligncenter size-full\"><img decoding=\"async\" src=\"http:\/\/localhost\/wp-content\/uploads\/2024\/10\/FMT-new.jpg\" alt=\"\" class=\"wp-image-149\"\/><\/figure>\n<\/div><\/div>\n\n\n\n<div class=\"wp-block-column is-vertically-aligned-center is-layout-flow wp-block-column-is-layout-flow\"><div class=\"wp-block-image\">\n<figure class=\"aligncenter size-full is-resized\"><img decoding=\"async\" src=\"http:\/\/localhost\/wp-content\/uploads\/2024\/10\/spsch.png\" alt=\"\" class=\"wp-image-151\" style=\"width:172px;height:auto\"\/><\/figure>\n<\/div><\/div>\n<\/div>\n\n\n\n<div class=\"wp-block-columns is-layout-flex wp-container-core-columns-is-layout-9d6595d7 wp-block-columns-is-layout-flex\">\n<div class=\"wp-block-column is-vertically-aligned-center is-layout-flow wp-block-column-is-layout-flow\"><div class=\"wp-block-image\">\n<figure class=\"aligncenter size-full is-resized\"><img loading=\"lazy\" decoding=\"async\" width=\"201\" height=\"172\" src=\"https:\/\/www.chemienahrade.cz\/wp-content\/uploads\/2025\/02\/logo_UGN.png\" alt=\"\" class=\"wp-image-87\" style=\"width:137px;height:auto\"\/><figcaption class=\"wp-element-caption\">\u00dastav geoniky AV \u010cR, v.v.i.<\/figcaption><\/figure>\n<\/div><\/div>\n\n\n\n<div class=\"wp-block-column is-layout-flow wp-block-column-is-layout-flow\"><\/div>\n\n\n\n<div class=\"wp-block-column is-layout-flow wp-block-column-is-layout-flow\"><\/div>\n<\/div>\n\n\n\n<h2 class=\"wp-block-heading\">Partne\u0159i<\/h2>\n\n\n<div class=\"wp-block-image\">\n<figure class=\"aligncenter size-full\"><img loading=\"lazy\" decoding=\"async\" width=\"705\" height=\"709\" src=\"https:\/\/www.chemienahrade.cz\/wp-content\/uploads\/2025\/02\/2024-p1.jpg\" alt=\"\" class=\"wp-image-334\" srcset=\"https:\/\/www.chemienahrade.cz\/wp-content\/uploads\/2025\/02\/2024-p1.jpg 705w, https:\/\/www.chemienahrade.cz\/wp-content\/uploads\/2025\/02\/2024-p1-298x300.jpg 298w, https:\/\/www.chemienahrade.cz\/wp-content\/uploads\/2025\/02\/2024-p1-150x150.jpg 150w\" sizes=\"auto, (max-width: 705px) 100vw, 705px\" \/><\/figure>\n<\/div>\n\n<div class=\"wp-block-image\">\n<figure class=\"aligncenter size-full\"><img loading=\"lazy\" decoding=\"async\" width=\"711\" height=\"759\" src=\"https:\/\/www.chemienahrade.cz\/wp-content\/uploads\/2025\/02\/2024-p2.jpg\" alt=\"\" class=\"wp-image-335\" srcset=\"https:\/\/www.chemienahrade.cz\/wp-content\/uploads\/2025\/02\/2024-p2.jpg 711w, https:\/\/www.chemienahrade.cz\/wp-content\/uploads\/2025\/02\/2024-p2-281x300.jpg 281w\" sizes=\"auto, (max-width: 711px) 100vw, 711px\" \/><\/figure>\n<\/div>\n\n<div class=\"wp-block-image\">\n<figure class=\"aligncenter size-full\"><img loading=\"lazy\" decoding=\"async\" width=\"693\" height=\"1043\" src=\"https:\/\/www.chemienahrade.cz\/wp-content\/uploads\/2025\/02\/2024-p3.jpg\" alt=\"\" class=\"wp-image-336\" srcset=\"https:\/\/www.chemienahrade.cz\/wp-content\/uploads\/2025\/02\/2024-p3.jpg 693w, https:\/\/www.chemienahrade.cz\/wp-content\/uploads\/2025\/02\/2024-p3-199x300.jpg 199w, https:\/\/www.chemienahrade.cz\/wp-content\/uploads\/2025\/02\/2024-p3-680x1024.jpg 680w\" sizes=\"auto, (max-width: 693px) 100vw, 693px\" \/><\/figure>\n<\/div>\n\n<div class=\"wp-block-image\">\n<figure class=\"aligncenter size-full\"><img loading=\"lazy\" decoding=\"async\" width=\"1217\" height=\"778\" src=\"https:\/\/www.chemienahrade.cz\/wp-content\/uploads\/2025\/02\/2024-p4.jpg\" alt=\"\" class=\"wp-image-337\" srcset=\"https:\/\/www.chemienahrade.cz\/wp-content\/uploads\/2025\/02\/2024-p4.jpg 1217w, https:\/\/www.chemienahrade.cz\/wp-content\/uploads\/2025\/02\/2024-p4-300x192.jpg 300w, https:\/\/www.chemienahrade.cz\/wp-content\/uploads\/2025\/02\/2024-p4-1024x655.jpg 1024w, https:\/\/www.chemienahrade.cz\/wp-content\/uploads\/2025\/02\/2024-p4-768x491.jpg 768w\" sizes=\"auto, (max-width: 1217px) 100vw, 1217px\" \/><\/figure>\n<\/div>\n\n<div class=\"wp-block-image\">\n<figure class=\"aligncenter size-full\"><img loading=\"lazy\" decoding=\"async\" width=\"1219\" height=\"971\" src=\"https:\/\/www.chemienahrade.cz\/wp-content\/uploads\/2025\/02\/2024-p5.jpg\" alt=\"\" class=\"wp-image-338\" srcset=\"https:\/\/www.chemienahrade.cz\/wp-content\/uploads\/2025\/02\/2024-p5.jpg 1219w, https:\/\/www.chemienahrade.cz\/wp-content\/uploads\/2025\/02\/2024-p5-300x239.jpg 300w, https:\/\/www.chemienahrade.cz\/wp-content\/uploads\/2025\/02\/2024-p5-1024x816.jpg 1024w, https:\/\/www.chemienahrade.cz\/wp-content\/uploads\/2025\/02\/2024-p5-768x612.jpg 768w\" sizes=\"auto, (max-width: 1219px) 100vw, 1219px\" \/><\/figure>\n<\/div>\n\n<div class=\"wp-block-image\">\n<figure class=\"aligncenter size-full\"><img loading=\"lazy\" decoding=\"async\" width=\"1194\" height=\"919\" src=\"https:\/\/www.chemienahrade.cz\/wp-content\/uploads\/2025\/02\/2024-p6.jpg\" alt=\"\" class=\"wp-image-339\" srcset=\"https:\/\/www.chemienahrade.cz\/wp-content\/uploads\/2025\/02\/2024-p6.jpg 1194w, https:\/\/www.chemienahrade.cz\/wp-content\/uploads\/2025\/02\/2024-p6-300x231.jpg 300w, https:\/\/www.chemienahrade.cz\/wp-content\/uploads\/2025\/02\/2024-p6-1024x788.jpg 1024w, https:\/\/www.chemienahrade.cz\/wp-content\/uploads\/2025\/02\/2024-p6-768x591.jpg 768w\" sizes=\"auto, (max-width: 1194px) 100vw, 1194px\" \/><\/figure>\n<\/div>\n\n<div class=\"wp-block-image\">\n<figure class=\"aligncenter size-full\"><img loading=\"lazy\" decoding=\"async\" width=\"1249\" height=\"728\" src=\"https:\/\/www.chemienahrade.cz\/wp-content\/uploads\/2025\/02\/2024-p7.jpg\" alt=\"\" class=\"wp-image-340\" srcset=\"https:\/\/www.chemienahrade.cz\/wp-content\/uploads\/2025\/02\/2024-p7.jpg 1249w, https:\/\/www.chemienahrade.cz\/wp-content\/uploads\/2025\/02\/2024-p7-300x175.jpg 300w, https:\/\/www.chemienahrade.cz\/wp-content\/uploads\/2025\/02\/2024-p7-1024x597.jpg 1024w, https:\/\/www.chemienahrade.cz\/wp-content\/uploads\/2025\/02\/2024-p7-768x448.jpg 768w\" sizes=\"auto, (max-width: 1249px) 100vw, 1249px\" \/><\/figure>\n<\/div>","protected":false},"excerpt":{"rendered":"<p>Akce Chemie a dal\u0161\u00ed p\u0159\u00edrodn\u00ed v\u011bdy na Slezskoostravsk\u00e9m hrad\u011b je zam\u011b\u0159ena na popularizaci p\u0159\u00edrodn\u00edch a technick\u00fdch v\u011bd mezi \u017e\u00e1ky z\u00e1kladn\u00edch a st\u0159edn\u00edch \u0161kol, ale tak\u00e9 mezi \u0161irokou ve\u0159ejnost\u00ed. P\u0159\u00edrodn\u00ed a technick\u00e9 v\u011bdy se v sou\u010dasnosti net\u011b\u0161\u00ed p\u0159\u00edzni mlad\u00fdch lid\u00ed, i kdy\u017e se jedn\u00e1 o velmi perspektivn\u00ed obory. Jsou \u010dasto pova\u017eov\u00e1ny za n\u011bco hrozn\u00e9ho, n\u011bco co [&hellip;]<\/p>\n","protected":false},"author":1,"featured_media":0,"parent":0,"menu_order":0,"comment_status":"closed","ping_status":"closed","template":"","meta":{"footnotes":""},"class_list":["post-205","page","type-page","status-publish","hentry"],"_links":{"self":[{"href":"https:\/\/www.chemienahrade.cz\/index.php\/wp-json\/wp\/v2\/pages\/205","targetHints":{"allow":["GET"]}}],"collection":[{"href":"https:\/\/www.chemienahrade.cz\/index.php\/wp-json\/wp\/v2\/pages"}],"about":[{"href":"https:\/\/www.chemienahrade.cz\/index.php\/wp-json\/wp\/v2\/types\/page"}],"author":[{"embeddable":true,"href":"https:\/\/www.chemienahrade.cz\/index.php\/wp-json\/wp\/v2\/users\/1"}],"replies":[{"embeddable":true,"href":"https:\/\/www.chemienahrade.cz\/index.php\/wp-json\/wp\/v2\/comments?post=205"}],"version-history":[{"count":1,"href":"https:\/\/www.chemienahrade.cz\/index.php\/wp-json\/wp\/v2\/pages\/205\/revisions"}],"predecessor-version":[{"id":351,"href":"https:\/\/www.chemienahrade.cz\/index.php\/wp-json\/wp\/v2\/pages\/205\/revisions\/351"}],"wp:attachment":[{"href":"https:\/\/www.chemienahrade.cz\/index.php\/wp-json\/wp\/v2\/media?parent=205"}],"curies":[{"name":"wp","href":"https:\/\/api.w.org\/{rel}","templated":true}]}}