{"id":152,"date":"2024-10-29T12:58:03","date_gmt":"2024-10-29T11:58:03","guid":{"rendered":"http:\/\/localhost\/?page_id=42"},"modified":"2025-02-04T13:35:35","modified_gmt":"2025-02-04T12:35:35","slug":"souteze","status":"publish","type":"page","link":"https:\/\/www.chemienahrade.cz\/index.php\/souteze\/","title":{"rendered":"Sout\u011b\u017ee"},"content":{"rendered":"\n<div class=\"wp-block-columns is-layout-flex wp-container-core-columns-is-layout-9d6595d7 wp-block-columns-is-layout-flex\">\n<div class=\"wp-block-column is-layout-flow wp-block-column-is-layout-flow\">\n<figure class=\"wp-block-image size-full is-resized\"><img loading=\"lazy\" decoding=\"async\" width=\"2560\" height=\"1707\" src=\"https:\/\/www.chemienahrade.cz\/wp-content\/uploads\/2025\/02\/IMGP3369-scaled.jpg\" alt=\"\" class=\"wp-image-317\" style=\"width:411px;height:auto\" srcset=\"https:\/\/www.chemienahrade.cz\/wp-content\/uploads\/2025\/02\/IMGP3369-scaled.jpg 2560w, https:\/\/www.chemienahrade.cz\/wp-content\/uploads\/2025\/02\/IMGP3369-300x200.jpg 300w, https:\/\/www.chemienahrade.cz\/wp-content\/uploads\/2025\/02\/IMGP3369-1024x683.jpg 1024w, https:\/\/www.chemienahrade.cz\/wp-content\/uploads\/2025\/02\/IMGP3369-768x512.jpg 768w, https:\/\/www.chemienahrade.cz\/wp-content\/uploads\/2025\/02\/IMGP3369-1536x1024.jpg 1536w, https:\/\/www.chemienahrade.cz\/wp-content\/uploads\/2025\/02\/IMGP3369-2048x1365.jpg 2048w\" sizes=\"auto, (max-width: 2560px) 100vw, 2560px\" \/><\/figure>\n<\/div>\n\n\n\n<div class=\"wp-block-column is-layout-flow wp-block-column-is-layout-flow\">\n<p>V den kon\u00e1n\u00ed akce budou pro n\u00e1v\u0161t\u011bvn\u00edky v\u0161ech v\u011bkov\u00fdch kategori\u00ed p\u0159ipraveny chemick\u00e9 sout\u011b\u017ee o drobn\u00e9 ceny \ud83d\ude42<\/p>\n<\/div>\n<\/div>\n\n\n\n<div class=\"wp-block-columns is-layout-flex wp-container-core-columns-is-layout-9d6595d7 wp-block-columns-is-layout-flex\">\n<div class=\"wp-block-column is-vertically-aligned-center is-layout-flow wp-block-column-is-layout-flow\">\n<figure class=\"wp-block-image size-full\"><img loading=\"lazy\" decoding=\"async\" width=\"2560\" height=\"1707\" src=\"https:\/\/www.chemienahrade.cz\/wp-content\/uploads\/2025\/02\/IMGP3364-1-scaled.jpg\" alt=\"\" class=\"wp-image-316\" srcset=\"https:\/\/www.chemienahrade.cz\/wp-content\/uploads\/2025\/02\/IMGP3364-1-scaled.jpg 2560w, https:\/\/www.chemienahrade.cz\/wp-content\/uploads\/2025\/02\/IMGP3364-1-300x200.jpg 300w, https:\/\/www.chemienahrade.cz\/wp-content\/uploads\/2025\/02\/IMGP3364-1-1024x683.jpg 1024w, https:\/\/www.chemienahrade.cz\/wp-content\/uploads\/2025\/02\/IMGP3364-1-768x512.jpg 768w, https:\/\/www.chemienahrade.cz\/wp-content\/uploads\/2025\/02\/IMGP3364-1-1536x1024.jpg 1536w, https:\/\/www.chemienahrade.cz\/wp-content\/uploads\/2025\/02\/IMGP3364-1-2048x1365.jpg 2048w\" sizes=\"auto, (max-width: 2560px) 100vw, 2560px\" \/><\/figure>\n<\/div>\n\n\n\n<div class=\"wp-block-column is-vertically-aligned-center is-layout-flow wp-block-column-is-layout-flow\"><div class=\"wp-block-image\">\n<figure class=\"aligncenter size-full is-resized\"><img loading=\"lazy\" decoding=\"async\" width=\"1707\" height=\"2560\" src=\"https:\/\/www.chemienahrade.cz\/wp-content\/uploads\/2025\/02\/IMGP3350-scaled.jpg\" alt=\"\" class=\"wp-image-315\" style=\"width:282px;height:auto\" srcset=\"https:\/\/www.chemienahrade.cz\/wp-content\/uploads\/2025\/02\/IMGP3350-scaled.jpg 1707w, https:\/\/www.chemienahrade.cz\/wp-content\/uploads\/2025\/02\/IMGP3350-200x300.jpg 200w, https:\/\/www.chemienahrade.cz\/wp-content\/uploads\/2025\/02\/IMGP3350-683x1024.jpg 683w, https:\/\/www.chemienahrade.cz\/wp-content\/uploads\/2025\/02\/IMGP3350-768x1152.jpg 768w, https:\/\/www.chemienahrade.cz\/wp-content\/uploads\/2025\/02\/IMGP3350-1024x1536.jpg 1024w, https:\/\/www.chemienahrade.cz\/wp-content\/uploads\/2025\/02\/IMGP3350-1365x2048.jpg 1365w\" sizes=\"auto, (max-width: 1707px) 100vw, 1707px\" \/><\/figure>\n<\/div><\/div>\n\n\n\n<div class=\"wp-block-column is-vertically-aligned-center is-layout-flow wp-block-column-is-layout-flow\">\n<figure class=\"wp-block-image size-full\"><img loading=\"lazy\" decoding=\"async\" width=\"2560\" height=\"1707\" src=\"https:\/\/www.chemienahrade.cz\/wp-content\/uploads\/2025\/02\/IMGP3346-1-scaled.jpg\" alt=\"\" class=\"wp-image-314\" srcset=\"https:\/\/www.chemienahrade.cz\/wp-content\/uploads\/2025\/02\/IMGP3346-1-scaled.jpg 2560w, https:\/\/www.chemienahrade.cz\/wp-content\/uploads\/2025\/02\/IMGP3346-1-300x200.jpg 300w, https:\/\/www.chemienahrade.cz\/wp-content\/uploads\/2025\/02\/IMGP3346-1-1024x683.jpg 1024w, https:\/\/www.chemienahrade.cz\/wp-content\/uploads\/2025\/02\/IMGP3346-1-768x512.jpg 768w, https:\/\/www.chemienahrade.cz\/wp-content\/uploads\/2025\/02\/IMGP3346-1-1536x1024.jpg 1536w, https:\/\/www.chemienahrade.cz\/wp-content\/uploads\/2025\/02\/IMGP3346-1-2048x1365.jpg 2048w\" sizes=\"auto, (max-width: 2560px) 100vw, 2560px\" \/><\/figure>\n<\/div>\n<\/div>\n","protected":false},"excerpt":{"rendered":"<p>V den kon\u00e1n\u00ed akce budou pro n\u00e1v\u0161t\u011bvn\u00edky v\u0161ech v\u011bkov\u00fdch kategori\u00ed p\u0159ipraveny chemick\u00e9 sout\u011b\u017ee o drobn\u00e9 ceny \ud83d\ude42<\/p>\n","protected":false},"author":1,"featured_media":0,"parent":0,"menu_order":0,"comment_status":"closed","ping_status":"closed","template":"","meta":{"footnotes":""},"class_list":["post-152","page","type-page","status-publish","hentry"],"_links":{"self":[{"href":"https:\/\/www.chemienahrade.cz\/index.php\/wp-json\/wp\/v2\/pages\/152","targetHints":{"allow":["GET"]}}],"collection":[{"href":"https:\/\/www.chemienahrade.cz\/index.php\/wp-json\/wp\/v2\/pages"}],"about":[{"href":"https:\/\/www.chemienahrade.cz\/index.php\/wp-json\/wp\/v2\/types\/page"}],"author":[{"embeddable":true,"href":"https:\/\/www.chemienahrade.cz\/index.php\/wp-json\/wp\/v2\/users\/1"}],"replies":[{"embeddable":true,"href":"https:\/\/www.chemienahrade.cz\/index.php\/wp-json\/wp\/v2\/comments?post=152"}],"version-history":[{"count":1,"href":"https:\/\/www.chemienahrade.cz\/index.php\/wp-json\/wp\/v2\/pages\/152\/revisions"}],"predecessor-version":[{"id":320,"href":"https:\/\/www.chemienahrade.cz\/index.php\/wp-json\/wp\/v2\/pages\/152\/revisions\/320"}],"wp:attachment":[{"href":"https:\/\/www.chemienahrade.cz\/index.php\/wp-json\/wp\/v2\/media?parent=152"}],"curies":[{"name":"wp","href":"https:\/\/api.w.org\/{rel}","templated":true}]}}