{"id":150,"date":"2024-10-29T12:57:21","date_gmt":"2024-10-29T11:57:21","guid":{"rendered":"http:\/\/localhost\/?page_id=38"},"modified":"2024-10-29T12:57:21","modified_gmt":"2024-10-29T11:57:21","slug":"web","status":"publish","type":"page","link":"https:\/\/www.chemienahrade.cz\/index.php\/web\/","title":{"rendered":"Web"},"content":{"rendered":"\n<p class=\"has-text-align-center\"><a href=\"\/rocnik-2024\"><strong>Ro\u010dn\u00edk 2024<\/strong><\/a><\/p>\n\n\n\n<p class=\"has-text-align-center\"><a href=\"\/rocnik-2023\"><strong>Ro\u010dn\u00edk 2023<\/strong><\/a><\/p>\n\n\n\n<p class=\"has-text-align-center\"><a href=\"\/rocnik-2022\"><strong>Ro\u010dn\u00edk 2022<\/strong><\/a><\/p>\n\n\n\n<p><\/p>\n\n\n\n<p><\/p>\n","protected":false},"excerpt":{"rendered":"<p>Ro\u010dn\u00edk 2024 Ro\u010dn\u00edk 2023 Ro\u010dn\u00edk 2022<\/p>\n","protected":false},"author":1,"featured_media":0,"parent":0,"menu_order":0,"comment_status":"closed","ping_status":"closed","template":"","meta":{"footnotes":""},"class_list":["post-150","page","type-page","status-publish","hentry"],"_links":{"self":[{"href":"https:\/\/www.chemienahrade.cz\/index.php\/wp-json\/wp\/v2\/pages\/150","targetHints":{"allow":["GET"]}}],"collection":[{"href":"https:\/\/www.chemienahrade.cz\/index.php\/wp-json\/wp\/v2\/pages"}],"about":[{"href":"https:\/\/www.chemienahrade.cz\/index.php\/wp-json\/wp\/v2\/types\/page"}],"author":[{"embeddable":true,"href":"https:\/\/www.chemienahrade.cz\/index.php\/wp-json\/wp\/v2\/users\/1"}],"replies":[{"embeddable":true,"href":"https:\/\/www.chemienahrade.cz\/index.php\/wp-json\/wp\/v2\/comments?post=150"}],"version-history":[{"count":0,"href":"https:\/\/www.chemienahrade.cz\/index.php\/wp-json\/wp\/v2\/pages\/150\/revisions"}],"wp:attachment":[{"href":"https:\/\/www.chemienahrade.cz\/index.php\/wp-json\/wp\/v2\/media?parent=150"}],"curies":[{"name":"wp","href":"https:\/\/api.w.org\/{rel}","templated":true}]}}