{"id":145,"date":"2024-10-29T12:55:38","date_gmt":"2024-10-29T11:55:38","guid":{"rendered":"http:\/\/localhost\/?page_id=27"},"modified":"2026-01-14T07:52:08","modified_gmt":"2026-01-14T06:52:08","slug":"program","status":"publish","type":"page","link":"https:\/\/www.chemienahrade.cz\/index.php\/program\/","title":{"rendered":"Program"},"content":{"rendered":"\n<p>Program bude up\u0159esn\u011bn za\u010d\u00e1tkem \u010dervna 2026.<\/p>\n","protected":false},"excerpt":{"rendered":"<p>Program bude up\u0159esn\u011bn za\u010d\u00e1tkem \u010dervna 2026.<\/p>\n","protected":false},"author":1,"featured_media":0,"parent":0,"menu_order":0,"comment_status":"closed","ping_status":"closed","template":"","meta":{"footnotes":""},"class_list":["post-145","page","type-page","status-publish","hentry"],"_links":{"self":[{"href":"https:\/\/www.chemienahrade.cz\/index.php\/wp-json\/wp\/v2\/pages\/145","targetHints":{"allow":["GET"]}}],"collection":[{"href":"https:\/\/www.chemienahrade.cz\/index.php\/wp-json\/wp\/v2\/pages"}],"about":[{"href":"https:\/\/www.chemienahrade.cz\/index.php\/wp-json\/wp\/v2\/types\/page"}],"author":[{"embeddable":true,"href":"https:\/\/www.chemienahrade.cz\/index.php\/wp-json\/wp\/v2\/users\/1"}],"replies":[{"embeddable":true,"href":"https:\/\/www.chemienahrade.cz\/index.php\/wp-json\/wp\/v2\/comments?post=145"}],"version-history":[{"count":2,"href":"https:\/\/www.chemienahrade.cz\/index.php\/wp-json\/wp\/v2\/pages\/145\/revisions"}],"predecessor-version":[{"id":1006,"href":"https:\/\/www.chemienahrade.cz\/index.php\/wp-json\/wp\/v2\/pages\/145\/revisions\/1006"}],"wp:attachment":[{"href":"https:\/\/www.chemienahrade.cz\/index.php\/wp-json\/wp\/v2\/media?parent=145"}],"curies":[{"name":"wp","href":"https:\/\/api.w.org\/{rel}","templated":true}]}}